{"id":2891,"date":"2021-07-28T11:13:36","date_gmt":"2021-07-28T09:13:36","guid":{"rendered":"https:\/\/www.tresco.eu\/oft-gestellte-fragen\/"},"modified":"2026-03-20T10:44:33","modified_gmt":"2026-03-20T09:44:33","slug":"oft-gestellte-fragen","status":"publish","type":"page","link":"https:\/\/www.tresco.eu\/de\/oft-gestellte-fragen\/","title":{"rendered":"Unterst\u00fctzung"},"content":{"rendered":"<div class=\"wpb-content-wrapper\"><p>[vc_section][vc_row][vc_column]<div id=\"ultimate-heading-217469f5978a3c440\" class=\"uvc-heading ult-adjust-bottom-margin ultimate-heading-217469f5978a3c440 uvc-5139  uvc-heading-default-font-sizes\" data-hspacer=\"no_spacer\"  data-halign=\"center\" style=\"text-align:center\"><div class=\"uvc-heading-spacer no_spacer\" style=\"top\"><\/div><div class=\"uvc-main-heading ult-responsive\"  data-ultimate-target='.uvc-heading.ultimate-heading-217469f5978a3c440 h2'  data-responsive-json-new='{\"font-size\":\"\",\"line-height\":\"\"}' ><h2 style=\"--font-weight:theme;\">Tresco-Supportteam<\/h2><\/div><div class=\"uvc-sub-heading ult-responsive\"  data-ultimate-target='.uvc-heading.ultimate-heading-217469f5978a3c440 .uvc-sub-heading '  data-responsive-json-new='{\"font-size\":\"\",\"line-height\":\"\"}'  style=\"font-weight:normal;\"><\/p>\n<p><\/div><\/div>[vc_column_text css=&#8220;&#8220;]F\u00fcr jeglichen Support zu Tresco-Produkten steht Ihnen unser Support-Team <strong>werktags zwischen 8:00 und 17:00 Uhr<\/strong> zur Verf\u00fcgung:<\/p>\n<p>\ud83d\udcde +32 3 231 07 31<br \/>\n\u2709\ufe0f <a href=\"mailto:support@tresco.eu\">support@tresco.eu<\/a><\/p>\n<div id=\"ConnectiveDocSignExtentionInstalled\" data-extension-version=\"1.0.4\">Au\u00dferhalb dieser Zeiten k\u00f6nnen Sie unseren Chat-Assistenten auch \u00fcber <a href=\"https:\/\/wa.me\/+3232310731\">WhatsApp<\/a>\u00a0unter derselben Nummer erreichen.Wir helfen Ihnen so schnell wie m\u00f6glich weiter.<\/p>\n<\/div>\n<p>[\/vc_column_text][\/vc_column][\/vc_row][vc_row][vc_column]<div id=\"ultimate-heading-293869f5978a3c4bf\" class=\"uvc-heading ult-adjust-bottom-margin ultimate-heading-293869f5978a3c4bf uvc-8118  uvc-heading-default-font-sizes\" data-hspacer=\"no_spacer\"  data-halign=\"center\" style=\"text-align:center\"><div class=\"uvc-heading-spacer no_spacer\" style=\"top\"><\/div><div class=\"uvc-main-heading ult-responsive\"  data-ultimate-target='.uvc-heading.ultimate-heading-293869f5978a3c4bf h2'  data-responsive-json-new='{\"font-size\":\"\",\"line-height\":\"\"}' ><h2 style=\"--font-weight:theme;\">Handb\u00fccher<\/h2><\/div><div class=\"uvc-sub-heading ult-responsive\"  data-ultimate-target='.uvc-heading.ultimate-heading-293869f5978a3c4bf .uvc-sub-heading '  data-responsive-json-new='{\"font-size\":\"\",\"line-height\":\"\"}'  style=\"font-weight:normal;\"><\/p>\n<div id=\"ConnectiveDocSignExtentionInstalled\" data-extension-version=\"1.0.4\"><\/div>\n<p><\/div><\/div>[vc_column_text css=&#8220;&#8220;]<a href=\"https:\/\/www.tresco.eu\/wp-content\/uploads\/2025\/09\/Handleiding-TrackPilot-2025-UPDATE.pdf\" target=\"_blank\" rel=\"noopener\">Handleiding Tresco TrackPilot (NL)<\/a><\/p>\n<p><a href=\"https:\/\/www.tresco.eu\/wp-content\/uploads\/2025\/11\/Manuel-TrackPilot-FR-v2025.pdf\">Manuel Tresco TrackPilot (FR)<\/a><\/p>\n<p><a href=\"https:\/\/www.tresco.eu\/wp-content\/uploads\/2026\/03\/Anleitung-TrackPilot-2025-V8-DE.pdf\">Anleitung Tresco TrackPilot (DE)<\/a>[\/vc_column_text][\/vc_column][\/vc_row][\/vc_section]<\/p>\n<\/div>","protected":false},"excerpt":{"rendered":"<p>[vc_section][vc_row][vc_column][vc_column_text css=&#8220;&#8220;]F\u00fcr jeglichen Support zu Tresco-Produkten steht Ihnen unser Support-Team werktags zwischen 8:00 und 17:00 Uhr zur Verf\u00fcgung: \ud83d\udcde +32 3 231 07 31 \u2709\ufe0f support@tresco.eu Au\u00dferhalb dieser Zeiten k\u00f6nnen Sie unseren Chat-Assistenten auch \u00fcber WhatsApp\u00a0unter derselben Nummer erreichen.Wir helfen Ihnen so schnell wie m\u00f6glich weiter. [\/vc_column_text][\/vc_column][\/vc_row][vc_row][vc_column][vc_column_text css=&#8220;&#8220;]Handleiding Tresco TrackPilot (NL) Manuel Tresco TrackPilot (FR)&hellip;<\/p>\n","protected":false},"author":3,"featured_media":0,"parent":0,"menu_order":0,"comment_status":"closed","ping_status":"closed","template":"","meta":{"footnotes":""},"class_list":["post-2891","page","type-page","status-publish","hentry","description-off"],"yoast_head":"<!-- This site is optimized with the Yoast SEO plugin v27.3 - https:\/\/yoast.com\/product\/yoast-seo-wordpress\/ -->\n<title>Unterst\u00fctzung - Tresco<\/title>\n<meta name=\"description\" content=\"Unterst\u00fctzung f\u00fcr Navigis, TrackPilot, Fleet, ECDIS-Karten und unsere andere Binnennavigationssoftware und -l\u00f6sungen.\" \/>\n<meta name=\"robots\" content=\"index, follow, max-snippet:-1, max-image-preview:large, max-video-preview:-1\" \/>\n<link rel=\"canonical\" href=\"https:\/\/www.tresco.eu\/de\/oft-gestellte-fragen\/\" \/>\n<meta property=\"og:locale\" content=\"de_DE\" \/>\n<meta property=\"og:type\" content=\"article\" \/>\n<meta property=\"og:title\" content=\"Unterst\u00fctzung - Tresco\" \/>\n<meta property=\"og:description\" content=\"Unterst\u00fctzung f\u00fcr Navigis, TrackPilot, Fleet, ECDIS-Karten und unsere andere Binnennavigationssoftware und -l\u00f6sungen.\" \/>\n<meta property=\"og:url\" content=\"https:\/\/www.tresco.eu\/de\/oft-gestellte-fragen\/\" \/>\n<meta property=\"og:site_name\" content=\"Tresco\" \/>\n<meta property=\"article:modified_time\" content=\"2026-03-20T09:44:33+00:00\" \/>\n<meta name=\"twitter:card\" content=\"summary_large_image\" \/>\n<meta name=\"twitter:label1\" content=\"Gesch\u00e4tzte Lesezeit\" \/>\n\t<meta name=\"twitter:data1\" content=\"1\u00a0Minute\" \/>\n<script type=\"application\/ld+json\" class=\"yoast-schema-graph\">{\"@context\":\"https:\\\/\\\/schema.org\",\"@graph\":[{\"@type\":\"WebPage\",\"@id\":\"https:\\\/\\\/www.tresco.eu\\\/de\\\/oft-gestellte-fragen\\\/\",\"url\":\"https:\\\/\\\/www.tresco.eu\\\/de\\\/oft-gestellte-fragen\\\/\",\"name\":\"Unterst\u00fctzung - Tresco\",\"isPartOf\":{\"@id\":\"https:\\\/\\\/www.tresco.eu\\\/#website\"},\"datePublished\":\"2021-07-28T09:13:36+00:00\",\"dateModified\":\"2026-03-20T09:44:33+00:00\",\"description\":\"Unterst\u00fctzung f\u00fcr Navigis, TrackPilot, Fleet, ECDIS-Karten und unsere andere Binnennavigationssoftware und -l\u00f6sungen.\",\"breadcrumb\":{\"@id\":\"https:\\\/\\\/www.tresco.eu\\\/de\\\/oft-gestellte-fragen\\\/#breadcrumb\"},\"inLanguage\":\"de\",\"potentialAction\":[{\"@type\":\"ReadAction\",\"target\":[\"https:\\\/\\\/www.tresco.eu\\\/de\\\/oft-gestellte-fragen\\\/\"]}]},{\"@type\":\"BreadcrumbList\",\"@id\":\"https:\\\/\\\/www.tresco.eu\\\/de\\\/oft-gestellte-fragen\\\/#breadcrumb\",\"itemListElement\":[{\"@type\":\"ListItem\",\"position\":1,\"name\":\"Home\",\"item\":\"https:\\\/\\\/www.tresco.eu\\\/de\\\/\"},{\"@type\":\"ListItem\",\"position\":2,\"name\":\"Unterst\u00fctzung\"}]},{\"@type\":\"WebSite\",\"@id\":\"https:\\\/\\\/www.tresco.eu\\\/#website\",\"url\":\"https:\\\/\\\/www.tresco.eu\\\/\",\"name\":\"Tresco\",\"description\":\"The Inland Navigation Solution\",\"potentialAction\":[{\"@type\":\"SearchAction\",\"target\":{\"@type\":\"EntryPoint\",\"urlTemplate\":\"https:\\\/\\\/www.tresco.eu\\\/?s={search_term_string}\"},\"query-input\":{\"@type\":\"PropertyValueSpecification\",\"valueRequired\":true,\"valueName\":\"search_term_string\"}}],\"inLanguage\":\"de\"}]}<\/script>\n<!-- \/ Yoast SEO plugin. -->","yoast_head_json":{"title":"Unterst\u00fctzung - Tresco","description":"Unterst\u00fctzung f\u00fcr Navigis, TrackPilot, Fleet, ECDIS-Karten und unsere andere Binnennavigationssoftware und -l\u00f6sungen.","robots":{"index":"index","follow":"follow","max-snippet":"max-snippet:-1","max-image-preview":"max-image-preview:large","max-video-preview":"max-video-preview:-1"},"canonical":"https:\/\/www.tresco.eu\/de\/oft-gestellte-fragen\/","og_locale":"de_DE","og_type":"article","og_title":"Unterst\u00fctzung - Tresco","og_description":"Unterst\u00fctzung f\u00fcr Navigis, TrackPilot, Fleet, ECDIS-Karten und unsere andere Binnennavigationssoftware und -l\u00f6sungen.","og_url":"https:\/\/www.tresco.eu\/de\/oft-gestellte-fragen\/","og_site_name":"Tresco","article_modified_time":"2026-03-20T09:44:33+00:00","twitter_card":"summary_large_image","twitter_misc":{"Gesch\u00e4tzte Lesezeit":"1\u00a0Minute"},"schema":{"@context":"https:\/\/schema.org","@graph":[{"@type":"WebPage","@id":"https:\/\/www.tresco.eu\/de\/oft-gestellte-fragen\/","url":"https:\/\/www.tresco.eu\/de\/oft-gestellte-fragen\/","name":"Unterst\u00fctzung - Tresco","isPartOf":{"@id":"https:\/\/www.tresco.eu\/#website"},"datePublished":"2021-07-28T09:13:36+00:00","dateModified":"2026-03-20T09:44:33+00:00","description":"Unterst\u00fctzung f\u00fcr Navigis, TrackPilot, Fleet, ECDIS-Karten und unsere andere Binnennavigationssoftware und -l\u00f6sungen.","breadcrumb":{"@id":"https:\/\/www.tresco.eu\/de\/oft-gestellte-fragen\/#breadcrumb"},"inLanguage":"de","potentialAction":[{"@type":"ReadAction","target":["https:\/\/www.tresco.eu\/de\/oft-gestellte-fragen\/"]}]},{"@type":"BreadcrumbList","@id":"https:\/\/www.tresco.eu\/de\/oft-gestellte-fragen\/#breadcrumb","itemListElement":[{"@type":"ListItem","position":1,"name":"Home","item":"https:\/\/www.tresco.eu\/de\/"},{"@type":"ListItem","position":2,"name":"Unterst\u00fctzung"}]},{"@type":"WebSite","@id":"https:\/\/www.tresco.eu\/#website","url":"https:\/\/www.tresco.eu\/","name":"Tresco","description":"The Inland Navigation Solution","potentialAction":[{"@type":"SearchAction","target":{"@type":"EntryPoint","urlTemplate":"https:\/\/www.tresco.eu\/?s={search_term_string}"},"query-input":{"@type":"PropertyValueSpecification","valueRequired":true,"valueName":"search_term_string"}}],"inLanguage":"de"}]}},"_links":{"self":[{"href":"https:\/\/www.tresco.eu\/de\/wp-json\/wp\/v2\/pages\/2891","targetHints":{"allow":["GET"]}}],"collection":[{"href":"https:\/\/www.tresco.eu\/de\/wp-json\/wp\/v2\/pages"}],"about":[{"href":"https:\/\/www.tresco.eu\/de\/wp-json\/wp\/v2\/types\/page"}],"author":[{"embeddable":true,"href":"https:\/\/www.tresco.eu\/de\/wp-json\/wp\/v2\/users\/3"}],"replies":[{"embeddable":true,"href":"https:\/\/www.tresco.eu\/de\/wp-json\/wp\/v2\/comments?post=2891"}],"version-history":[{"count":33,"href":"https:\/\/www.tresco.eu\/de\/wp-json\/wp\/v2\/pages\/2891\/revisions"}],"predecessor-version":[{"id":4608,"href":"https:\/\/www.tresco.eu\/de\/wp-json\/wp\/v2\/pages\/2891\/revisions\/4608"}],"wp:attachment":[{"href":"https:\/\/www.tresco.eu\/de\/wp-json\/wp\/v2\/media?parent=2891"}],"curies":[{"name":"wp","href":"https:\/\/api.w.org\/{rel}","templated":true}]}}