{"id":2907,"date":"2021-07-28T13:39:59","date_gmt":"2021-07-28T11:39:59","guid":{"rendered":"https:\/\/www.tresco.eu\/radarlink\/"},"modified":"2024-06-14T12:47:28","modified_gmt":"2024-06-14T10:47:28","slug":"radarlink","status":"publish","type":"page","link":"https:\/\/www.tresco.eu\/de\/radarlink\/","title":{"rendered":"RadarLink"},"content":{"rendered":"<div class=\"wpb-content-wrapper\"><p>[vc_row equal_height=&#8220;yes&#8220; content_placement=&#8220;middle&#8220; css=&#8220;.vc_custom_1582200665834{padding-top: 80px !important;padding-bottom: 70px !important;}&#8220;][vc_column width=&#8220;1\/6&#8243;][\/vc_column][vc_column width=&#8220;2\/3&#8243;][vc_column_text]In der Vergangenheit hatten die Radar-Overlay-Systeme nicht immer einen guten Ruf. Veraltete Technik, schwierige Installation, hoher Anschaffungspreis: Es gab viele Gr\u00fcnde, von dieser Technologie abzusehen.<\/p>\n<p>Aber heute, mit der neuesten Generation von Radarger\u00e4ten in Kombination mit unserer Radarlink-Technologie, haben sich die Dinge v\u00f6llig ver\u00e4ndert. Die Verbindung zwischen dem Radar und dem Kartensystem erfordert nur ein einfaches Netzwerkkabel, was die Installation erheblich vereinfacht.<br \/>\nTresco RadarLink und das Kartensystem werden gemeinsam mit einer einzigen Maus oder einem Trackball bedient.\u202f Damit entf\u00e4llt die Notwendigkeit, st\u00e4ndig zu einer eigenen Steuerkonsole zu wechseln.[\/vc_column_text][\/vc_column][vc_column width=&#8220;1\/6&#8243;][\/vc_column][\/vc_row][vc_row][vc_column][vc_separator][\/vc_column][\/vc_row][vc_row equal_height=&#8220;yes&#8220; content_placement=&#8220;middle&#8220; css=&#8220;.vc_custom_1582200665834{padding-top: 80px !important;padding-bottom: 70px !important;}&#8220;][vc_column width=&#8220;1\/3&#8243;][vc_single_image image=&#8220;3791&#8243; img_size=&#8220;large&#8220; alignment=&#8220;center&#8220; css=&#8220;&#8220;][vc_empty_space height=&#8220;10&#8243;][\/vc_column][vc_column width=&#8220;2\/3&#8243;]<div id=\"ultimate-heading-354669f785297d2b8\" class=\"uvc-heading ult-adjust-bottom-margin ultimate-heading-354669f785297d2b8 uvc-232 accent-border-color accent-icon-color\" data-hspacer=\"line_with_icon\" data-hline_width=\"150\" data-hicon_type=\"selector\" data-hborder_style=\"solid\" data-hborder_height=\"3\" data-hborder_color=\"#ac0b20\" data-icon_width=\"18\" data-hfixer=\"10\"  data-halign=\"left\" style=\"text-align:left\"><div class=\"uvc-main-heading ult-responsive\"  data-ultimate-target='.uvc-heading.ultimate-heading-354669f785297d2b8 h2'  data-responsive-json-new='{\"font-size\":\"desktop:40px;mobile_landscape:30px;\",\"line-height\":\"desktop:50px;mobile_landscape:40px;\"}' ><h2 style=\"font-weight:bold;color:#124986;\">'Dual Head' erh\u00f6ht die Sicherheit beim Schiff fahren<\/h2><\/div><div class=\"uvc-heading-spacer line_with_icon\" style=\"margin-bottom:30px;height:18px;\"><div class=\"ult-just-icon-wrapper  \"><div class=\"align-icon\" style=\"text-align:left;\">\n<div class=\"aio-icon none \"  style=\"font-size:18px;\">\n\t<i class=\"icomoon-font-awesome-14x14-chevron-down\"><\/i>\n<\/div><\/div><\/div><\/div><\/div>[vc_column_text]Auch l\u00e4stige Radar\u00fcberlagerungen geh\u00f6ren dank der standardm\u00e4\u00dfig eingebauten &#8222;Dual Head&#8220;-Technologie von Treco der Vergangenheit an. Alle Navigationsinformationen werden detailliert auf dem Kartensystem angezeigt, und der RadarLink-Bildschirm zeigt die grundlegende Seekarte, erweitert um die AIS-Informationen.<\/p>\n<p>Ein zus\u00e4tzlicher Kauf von Bildschirmen ist nicht erforderlich: RadarLink verwendet den vorhandenen Radarbildschirm und Tresco Navigis beh\u00e4lt seinen eigenen Bildschirm bei.<\/p>\n<p>Sie k\u00f6nnen mit Tresco RadarLink auch beide Bildschirme auf einen anderen Bereich einstellen. \u202fDies tr\u00e4gt zur Sichtbarkeit der empfangenen AIS-Ziele und damit zur Sicherheit beim Segeln bei.[\/vc_column_text][\/vc_column][\/vc_row][vc_row][vc_column][vc_separator][\/vc_column][\/vc_row][vc_row equal_height=&#8220;yes&#8220; content_placement=&#8220;middle&#8220; css=&#8220;.vc_custom_1582200665834{padding-top: 80px !important;padding-bottom: 70px !important;}&#8220;][vc_column width=&#8220;1\/3&#8243;][vc_single_image image=&#8220;2908&#8243; img_size=&#8220;large&#8220; alignment=&#8220;center&#8220;][vc_empty_space height=&#8220;10&#8243;][\/vc_column][vc_column width=&#8220;2\/3&#8243;]<div id=\"ultimate-heading-975369f785297d359\" class=\"uvc-heading ult-adjust-bottom-margin ultimate-heading-975369f785297d359 uvc-8224 accent-border-color accent-icon-color\" data-hspacer=\"line_with_icon\" data-hline_width=\"150\" data-hicon_type=\"selector\" data-hborder_style=\"solid\" data-hborder_height=\"3\" data-hborder_color=\"#ac0b20\" data-icon_width=\"18\" data-hfixer=\"10\"  data-halign=\"left\" style=\"text-align:left\"><div class=\"uvc-main-heading ult-responsive\"  data-ultimate-target='.uvc-heading.ultimate-heading-975369f785297d359 h2'  data-responsive-json-new='{\"font-size\":\"desktop:40px;mobile_landscape:30px;\",\"line-height\":\"desktop:50px;mobile_landscape:40px;\"}' ><h2 style=\"font-weight:bold;color:#124986;\">Inland ECDIS zertifiziert<\/h2><\/div><div class=\"uvc-heading-spacer line_with_icon\" style=\"margin-bottom:30px;height:18px;\"><div class=\"ult-just-icon-wrapper  \"><div class=\"align-icon\" style=\"text-align:left;\">\n<div class=\"aio-icon none \"  style=\"font-size:18px;\">\n\t<i class=\"icomoon-font-awesome-14x14-chevron-down\"><\/i>\n<\/div><\/div><\/div><\/div><\/div>[vc_column_text]Radarlink von Tresco ist das erste zugelassene Radar-Overlay-System nach dem neuesten Inland ECDIS-Standard Version 2.3.\u202fTresco war das erste Unternehmen in Europa, das eine Typgenehmigung f\u00fcr dieses neue System erhielt.\u202fDie von der FVT in Koblenz vergebene Typennummer lautet R-1-103.\u202f Tresco RadarLink ist das erste zugelassene Radar-Overlay-System, das die Netzwerktechnologie in Ihrem vorhandenen Radarger\u00e4t nutzt.[\/vc_column_text][\/vc_column][\/vc_row][vc_row][vc_column][vc_separator][\/vc_column][\/vc_row][vc_row equal_height=&#8220;yes&#8220; content_placement=&#8220;middle&#8220; css=&#8220;.vc_custom_1582200665834{padding-top: 80px !important;padding-bottom: 70px !important;}&#8220;][vc_column width=&#8220;1\/3&#8243;][vc_single_image image=&#8220;2253&#8243; img_size=&#8220;large&#8220; alignment=&#8220;center&#8220;][\/vc_column][vc_column width=&#8220;2\/3&#8243;]<div id=\"ultimate-heading-18369f785297d3bb\" class=\"uvc-heading ult-adjust-bottom-margin ultimate-heading-18369f785297d3bb uvc-9686 accent-border-color accent-icon-color\" data-hspacer=\"line_with_icon\" data-hline_width=\"150\" data-hicon_type=\"selector\" data-hborder_style=\"solid\" data-hborder_height=\"3\" data-hborder_color=\"#ac0b20\" data-icon_width=\"18\" data-hfixer=\"10\"  data-halign=\"left\" style=\"text-align:left\"><div class=\"uvc-main-heading ult-responsive\"  data-ultimate-target='.uvc-heading.ultimate-heading-18369f785297d3bb h2'  data-responsive-json-new='{\"font-size\":\"desktop:40px;mobile_landscape:30px;\",\"line-height\":\"desktop:50px;mobile_landscape:40px;\"}' ><h2 style=\"font-weight:bold;color:#124986;\">In der Praxis: Hafen von Rotterdam<\/h2><\/div><div class=\"uvc-heading-spacer line_with_icon\" style=\"margin-bottom:30px;height:18px;\"><div class=\"ult-just-icon-wrapper  \"><div class=\"align-icon\" style=\"text-align:left;\">\n<div class=\"aio-icon none \"  style=\"font-size:18px;\">\n\t<i class=\"icomoon-font-awesome-14x14-chevron-down\"><\/i>\n<\/div><\/div><\/div><\/div><\/div>[vc_column_text]Tresco hat in Zusammenarbeit mit Alphatron Marine das bisher modernste Tresco-Navigationssystem an Bord der RPA13 (Hafen von Rotterdam) installiert. Das Ergebnis sehen Sie oben: Tresco RadarLink (RadarOverlay f\u00fcr JMA610) in Kombination mit einem 27&#8243;-Monitor, auf dem Sie auch die 2D- und 3D-Splitscreen-Anzeige von Tresco Navigis w\u00e4hlen k\u00f6nnen.[\/vc_column_text][\/vc_column][\/vc_row][vc_row][vc_column][vc_empty_space height=&#8220;50&#8243;][\/vc_column][\/vc_row]<\/p>\n<\/div>","protected":false},"excerpt":{"rendered":"<p>[vc_row equal_height=&#8220;yes&#8220; content_placement=&#8220;middle&#8220; css=&#8220;.vc_custom_1582200665834{padding-top: 80px !important;padding-bottom: 70px !important;}&#8220;][vc_column width=&#8220;1\/6&#8243;][\/vc_column][vc_column width=&#8220;2\/3&#8243;][vc_column_text]In der Vergangenheit hatten die Radar-Overlay-Systeme nicht immer einen guten Ruf. Veraltete Technik, schwierige Installation, hoher Anschaffungspreis: Es gab viele Gr\u00fcnde, von dieser Technologie abzusehen. Aber heute, mit der neuesten Generation von Radarger\u00e4ten in Kombination mit unserer Radarlink-Technologie, haben sich die Dinge v\u00f6llig ver\u00e4ndert. Die Verbindung&hellip;<\/p>\n","protected":false},"author":4,"featured_media":0,"parent":0,"menu_order":0,"comment_status":"closed","ping_status":"closed","template":"","meta":{"footnotes":""},"class_list":["post-2907","page","type-page","status-publish","hentry","description-off"],"yoast_head":"<!-- This site is optimized with the Yoast SEO plugin v27.3 - https:\/\/yoast.com\/product\/yoast-seo-wordpress\/ -->\n<title>RadarLink - Tresco<\/title>\n<meta name=\"description\" content=\"Sie bedienen RadarLink und das Kartensystem mit einer einzigen Maus oder einem Trackball, damit entf\u00e4llt die Notwendigkeit st\u00e4ndig zu wechseln.\" \/>\n<meta name=\"robots\" content=\"index, follow, max-snippet:-1, max-image-preview:large, max-video-preview:-1\" \/>\n<link rel=\"canonical\" href=\"https:\/\/www.tresco.eu\/de\/radarlink\/\" \/>\n<meta property=\"og:locale\" content=\"de_DE\" \/>\n<meta property=\"og:type\" content=\"article\" \/>\n<meta property=\"og:title\" content=\"RadarLink - Tresco\" \/>\n<meta property=\"og:description\" content=\"Sie bedienen RadarLink und das Kartensystem mit einer einzigen Maus oder einem Trackball, damit entf\u00e4llt die Notwendigkeit st\u00e4ndig zu wechseln.\" \/>\n<meta property=\"og:url\" content=\"https:\/\/www.tresco.eu\/de\/radarlink\/\" \/>\n<meta property=\"og:site_name\" content=\"Tresco\" \/>\n<meta property=\"article:modified_time\" content=\"2024-06-14T10:47:28+00:00\" \/>\n<meta name=\"twitter:card\" content=\"summary_large_image\" \/>\n<meta name=\"twitter:label1\" content=\"Gesch\u00e4tzte Lesezeit\" \/>\n\t<meta name=\"twitter:data1\" content=\"3\u00a0Minuten\" \/>\n<script type=\"application\/ld+json\" class=\"yoast-schema-graph\">{\"@context\":\"https:\\\/\\\/schema.org\",\"@graph\":[{\"@type\":\"WebPage\",\"@id\":\"https:\\\/\\\/www.tresco.eu\\\/de\\\/radarlink\\\/\",\"url\":\"https:\\\/\\\/www.tresco.eu\\\/de\\\/radarlink\\\/\",\"name\":\"RadarLink - Tresco\",\"isPartOf\":{\"@id\":\"https:\\\/\\\/www.tresco.eu\\\/#website\"},\"datePublished\":\"2021-07-28T11:39:59+00:00\",\"dateModified\":\"2024-06-14T10:47:28+00:00\",\"description\":\"Sie bedienen RadarLink und das Kartensystem mit einer einzigen Maus oder einem Trackball, damit entf\u00e4llt die Notwendigkeit st\u00e4ndig zu wechseln.\",\"breadcrumb\":{\"@id\":\"https:\\\/\\\/www.tresco.eu\\\/de\\\/radarlink\\\/#breadcrumb\"},\"inLanguage\":\"de\",\"potentialAction\":[{\"@type\":\"ReadAction\",\"target\":[\"https:\\\/\\\/www.tresco.eu\\\/de\\\/radarlink\\\/\"]}]},{\"@type\":\"BreadcrumbList\",\"@id\":\"https:\\\/\\\/www.tresco.eu\\\/de\\\/radarlink\\\/#breadcrumb\",\"itemListElement\":[{\"@type\":\"ListItem\",\"position\":1,\"name\":\"Home\",\"item\":\"https:\\\/\\\/www.tresco.eu\\\/de\\\/\"},{\"@type\":\"ListItem\",\"position\":2,\"name\":\"RadarLink\"}]},{\"@type\":\"WebSite\",\"@id\":\"https:\\\/\\\/www.tresco.eu\\\/#website\",\"url\":\"https:\\\/\\\/www.tresco.eu\\\/\",\"name\":\"Tresco\",\"description\":\"The Inland Navigation Solution\",\"potentialAction\":[{\"@type\":\"SearchAction\",\"target\":{\"@type\":\"EntryPoint\",\"urlTemplate\":\"https:\\\/\\\/www.tresco.eu\\\/?s={search_term_string}\"},\"query-input\":{\"@type\":\"PropertyValueSpecification\",\"valueRequired\":true,\"valueName\":\"search_term_string\"}}],\"inLanguage\":\"de\"}]}<\/script>\n<!-- \/ Yoast SEO plugin. -->","yoast_head_json":{"title":"RadarLink - Tresco","description":"Sie bedienen RadarLink und das Kartensystem mit einer einzigen Maus oder einem Trackball, damit entf\u00e4llt die Notwendigkeit st\u00e4ndig zu wechseln.","robots":{"index":"index","follow":"follow","max-snippet":"max-snippet:-1","max-image-preview":"max-image-preview:large","max-video-preview":"max-video-preview:-1"},"canonical":"https:\/\/www.tresco.eu\/de\/radarlink\/","og_locale":"de_DE","og_type":"article","og_title":"RadarLink - Tresco","og_description":"Sie bedienen RadarLink und das Kartensystem mit einer einzigen Maus oder einem Trackball, damit entf\u00e4llt die Notwendigkeit st\u00e4ndig zu wechseln.","og_url":"https:\/\/www.tresco.eu\/de\/radarlink\/","og_site_name":"Tresco","article_modified_time":"2024-06-14T10:47:28+00:00","twitter_card":"summary_large_image","twitter_misc":{"Gesch\u00e4tzte Lesezeit":"3\u00a0Minuten"},"schema":{"@context":"https:\/\/schema.org","@graph":[{"@type":"WebPage","@id":"https:\/\/www.tresco.eu\/de\/radarlink\/","url":"https:\/\/www.tresco.eu\/de\/radarlink\/","name":"RadarLink - Tresco","isPartOf":{"@id":"https:\/\/www.tresco.eu\/#website"},"datePublished":"2021-07-28T11:39:59+00:00","dateModified":"2024-06-14T10:47:28+00:00","description":"Sie bedienen RadarLink und das Kartensystem mit einer einzigen Maus oder einem Trackball, damit entf\u00e4llt die Notwendigkeit st\u00e4ndig zu wechseln.","breadcrumb":{"@id":"https:\/\/www.tresco.eu\/de\/radarlink\/#breadcrumb"},"inLanguage":"de","potentialAction":[{"@type":"ReadAction","target":["https:\/\/www.tresco.eu\/de\/radarlink\/"]}]},{"@type":"BreadcrumbList","@id":"https:\/\/www.tresco.eu\/de\/radarlink\/#breadcrumb","itemListElement":[{"@type":"ListItem","position":1,"name":"Home","item":"https:\/\/www.tresco.eu\/de\/"},{"@type":"ListItem","position":2,"name":"RadarLink"}]},{"@type":"WebSite","@id":"https:\/\/www.tresco.eu\/#website","url":"https:\/\/www.tresco.eu\/","name":"Tresco","description":"The Inland Navigation Solution","potentialAction":[{"@type":"SearchAction","target":{"@type":"EntryPoint","urlTemplate":"https:\/\/www.tresco.eu\/?s={search_term_string}"},"query-input":{"@type":"PropertyValueSpecification","valueRequired":true,"valueName":"search_term_string"}}],"inLanguage":"de"}]}},"_links":{"self":[{"href":"https:\/\/www.tresco.eu\/de\/wp-json\/wp\/v2\/pages\/2907","targetHints":{"allow":["GET"]}}],"collection":[{"href":"https:\/\/www.tresco.eu\/de\/wp-json\/wp\/v2\/pages"}],"about":[{"href":"https:\/\/www.tresco.eu\/de\/wp-json\/wp\/v2\/types\/page"}],"author":[{"embeddable":true,"href":"https:\/\/www.tresco.eu\/de\/wp-json\/wp\/v2\/users\/4"}],"replies":[{"embeddable":true,"href":"https:\/\/www.tresco.eu\/de\/wp-json\/wp\/v2\/comments?post=2907"}],"version-history":[{"count":4,"href":"https:\/\/www.tresco.eu\/de\/wp-json\/wp\/v2\/pages\/2907\/revisions"}],"predecessor-version":[{"id":3795,"href":"https:\/\/www.tresco.eu\/de\/wp-json\/wp\/v2\/pages\/2907\/revisions\/3795"}],"wp:attachment":[{"href":"https:\/\/www.tresco.eu\/de\/wp-json\/wp\/v2\/media?parent=2907"}],"curies":[{"name":"wp","href":"https:\/\/api.w.org\/{rel}","templated":true}]}}