{"id":2934,"date":"2021-07-28T14:53:21","date_gmt":"2021-07-28T12:53:21","guid":{"rendered":"https:\/\/www.tresco.eu\/karten\/"},"modified":"2024-03-21T15:20:57","modified_gmt":"2024-03-21T14:20:57","slug":"karten","status":"publish","type":"page","link":"https:\/\/www.tresco.eu\/de\/karten\/","title":{"rendered":"Karten"},"content":{"rendered":"<div class=\"wpb-content-wrapper\"><p>[vc_row css=&#8220;.vc_custom_1582625869983{padding-top: 80px !important;}&#8220;][vc_column][vc_column_text]<\/p>\n<p style=\"text-align: center;\">Eigene Karten oder offizielle Karten von anerkannten Partnern,<br \/>\nSie k\u00f6nnen sich immer auf die ausf\u00fchrlichsten und aktuellsten Informationen verlassen[\/vc_column_text][\/vc_column][\/vc_row][vc_row css=&#8220;.vc_custom_1582625881534{padding-top: 50px !important;padding-bottom: 50px !important;}&#8220;][vc_column width=&#8220;1\/3&#8243;][vc_single_image image=&#8220;1951&#8243; img_size=&#8220;70&#215;70&#8243; alignment=&#8220;center&#8220;]<div id=\"ultimate-heading-443669da38f1844ab\" class=\"uvc-heading ult-adjust-bottom-margin ultimate-heading-443669da38f1844ab uvc-5390  uvc-heading-default-font-sizes\" data-hspacer=\"no_spacer\"  data-halign=\"center\" style=\"text-align:center\"><div class=\"uvc-heading-spacer no_spacer\" style=\"top\"><\/div><div class=\"uvc-main-heading ult-responsive\"  data-ultimate-target='.uvc-heading.ultimate-heading-443669da38f1844ab h2'  data-responsive-json-new='{\"font-size\":\"\",\"line-height\":\"\"}' ><h2 style=\"--font-weight:theme;margin-top:20px;margin-bottom:20px;\">Seekarten<\/h2><\/div><\/div>[vc_column_text]<\/p>\n<p style=\"text-align: center;\">F\u00fcr die nautischen Karten nutzen wir f\u00fchrende Partner: Primar, IC-ENC und ARCS.<\/p>\n<p>[\/vc_column_text]<style type=\"text\/css\" data-type=\"the7_shortcodes-inline-css\">#default-btn-222aab96cd9730860212e437cbdd6126.ico-right-side > i {\n  margin-right: 0px;\n  margin-left: 8px;\n}\n#default-btn-222aab96cd9730860212e437cbdd6126 > i {\n  margin-right: 8px;\n}<\/style><div class=\"btn-align-center\"><a href=\"#!\/zeekaarten\" class=\"default-btn-shortcode dt-btn dt-btn-s link-hover-off anchor-link  vc_custom_1627476897574\" id=\"default-btn-222aab96cd9730860212e437cbdd6126\"><span>Mehr info<\/span><\/a><\/div>[vc_empty_space height=&#8220;60&#8243;][\/vc_column][vc_column width=&#8220;1\/3&#8243;][vc_single_image image=&#8220;1950&#8243; img_size=&#8220;70&#215;70&#8243; alignment=&#8220;center&#8220;]<div id=\"ultimate-heading-199169da38f18458a\" class=\"uvc-heading ult-adjust-bottom-margin ultimate-heading-199169da38f18458a uvc-9572  uvc-heading-default-font-sizes\" data-hspacer=\"no_spacer\"  data-halign=\"center\" style=\"text-align:center\"><div class=\"uvc-heading-spacer no_spacer\" style=\"top\"><\/div><div class=\"uvc-main-heading ult-responsive\"  data-ultimate-target='.uvc-heading.ultimate-heading-199169da38f18458a h2'  data-responsive-json-new='{\"font-size\":\"\",\"line-height\":\"\"}' ><h2 style=\"--font-weight:theme;margin-top:20px;margin-bottom:20px;\">Inland ECDIS-karten<\/h2><\/div><\/div>[vc_column_text]<\/p>\n<p style=\"text-align: center;\">Benutzerfreundlich, intelligent und \u00fcbersichtlich.<\/p>\n<p>[\/vc_column_text]<style type=\"text\/css\" data-type=\"the7_shortcodes-inline-css\">#default-btn-d975da1a4f465722349bf1085d0528e4.ico-right-side > i {\n  margin-right: 0px;\n  margin-left: 8px;\n}\n#default-btn-d975da1a4f465722349bf1085d0528e4 > i {\n  margin-right: 8px;\n}<\/style><div class=\"btn-align-center\"><a href=\"#!\/ecdis\" class=\"default-btn-shortcode dt-btn dt-btn-s link-hover-off anchor-link  vc_custom_1627476930533\" id=\"default-btn-d975da1a4f465722349bf1085d0528e4\"><span>Mehr info<\/span><\/a><\/div>[vc_empty_space height=&#8220;60&#8243;][\/vc_column][vc_column width=&#8220;1\/3&#8243;][vc_single_image image=&#8220;1952&#8243; img_size=&#8220;70&#215;70&#8243; alignment=&#8220;center&#8220;]<div id=\"ultimate-heading-406669da38f184634\" class=\"uvc-heading ult-adjust-bottom-margin ultimate-heading-406669da38f184634 uvc-1500  uvc-heading-default-font-sizes\" data-hspacer=\"no_spacer\"  data-halign=\"center\" style=\"text-align:center\"><div class=\"uvc-heading-spacer no_spacer\" style=\"top\"><\/div><div class=\"uvc-main-heading ult-responsive\"  data-ultimate-target='.uvc-heading.ultimate-heading-406669da38f184634 h2'  data-responsive-json-new='{\"font-size\":\"\",\"line-height\":\"\"}' ><h2 style=\"--font-weight:theme;margin-top:20px;margin-bottom:20px;\">Kartenliste<\/h2><\/div><\/div>[vc_column_text]<\/p>\n<p style=\"text-align: center;\">F\u00fcr eine \u00dcbersicht \u00fcber alle verf\u00fcgbaren Tickets klicken Sie hier<\/p>\n<p>[\/vc_column_text]<style type=\"text\/css\" data-type=\"the7_shortcodes-inline-css\">#default-btn-7f3832985692e6cac2df0c84e7c7de38.ico-right-side > i {\n  margin-right: 0px;\n  margin-left: 8px;\n}\n#default-btn-7f3832985692e6cac2df0c84e7c7de38 > i {\n  margin-right: 8px;\n}<\/style><div class=\"btn-align-center\"><a href=\"\/kaarten\/kaartenlijst\/\" class=\"default-btn-shortcode dt-btn dt-btn-s link-hover-off anchor-link  vc_custom_1627476938723\" id=\"default-btn-7f3832985692e6cac2df0c84e7c7de38\" title=\"Kaartenlijst\"><span>Mehr info<\/span><\/a><\/div>[vc_empty_space height=&#8220;60&#8243;][\/vc_column][\/vc_row][vc_row full_width=&#8220;stretch_row&#8220; bg_type=&#8220;bg_color&#8220; bg_color_value=&#8220;#f7f7f7&#8243; css=&#8220;.vc_custom_1582626852497{padding-top: 80px !important;padding-bottom: 90px !important;}&#8220; el_id=&#8220;ecdis&#8220;][vc_column]<div id=\"ultimate-heading-630469da38f1846f4\" class=\"uvc-heading ult-adjust-bottom-margin ultimate-heading-630469da38f1846f4 uvc-9951 accent-border-color accent-icon-color\" data-hspacer=\"line_with_icon\" data-hline_width=\"150\" data-hicon_type=\"selector\" data-hborder_style=\"solid\" data-hborder_height=\"3\" data-hborder_color=\"#ac0b20\" data-icon_width=\"18\" data-hfixer=\"10\"  data-halign=\"center\" style=\"text-align:center\"><div class=\"uvc-main-heading ult-responsive\"  data-ultimate-target='.uvc-heading.ultimate-heading-630469da38f1846f4 h2'  data-responsive-json-new='{\"font-size\":\"desktop:40px;mobile_landscape:30px;\",\"line-height\":\"desktop:50px;mobile_landscape:40px;\"}' ><h2 style=\"font-weight:bold;color:#124986;\">Inland ECDIS-karten<\/h2><\/div><div class=\"uvc-heading-spacer line_with_icon\" style=\"margin-bottom:30px;height:18px;\"><div class=\"ult-just-icon-wrapper  \"><div class=\"align-icon\" style=\"text-align:center;\">\n<div class=\"aio-icon none \"  style=\"font-size:18px;display:inline-block;\">\n\t<i class=\"icomoon-font-awesome-14x14-chevron-down\"><\/i>\n<\/div><\/div><\/div><\/div><\/div>[vc_row_inner][vc_column_inner width=&#8220;1\/3&#8243;][vc_single_image image=&#8220;2310&#8243; img_size=&#8220;500&#215;720&#8243; alignment=&#8220;center&#8220;][vc_empty_space height=&#8220;10&#8243;][\/vc_column_inner][vc_column_inner width=&#8220;2\/3&#8243;][vc_column_text]Von Antwerpen bis zum tiefsten Punkt der Niederlande, von den franz\u00f6sischen Kan\u00e4len bis zur Donau: Die Binnenfl\u00fcsse sind f\u00fcr Sie keine Geheimnisse mehr, dank unserer zuverl\u00e4ssigen Inland ECDIS-Karten.<br \/>\nBeim Heranzoomen wird das Bild sch\u00e4rfer und detaillierter. Inland ECDIS-Karten sind eine naheliegende Wahl f\u00fcr die Binnenschifffahrt auf europ\u00e4ischen Fl\u00fcssen und Kan\u00e4len.<\/p>\n<p>&nbsp;<\/p>\n<p>Inland ECDIS-Kartographie (Europa)<br \/>\nSowohl die Raster- als auch die Vektorkarten werden nach den weltweiten Kartenstandards S-57 und S-52 erstellt. Dies gilt sowohl f\u00fcr die Binnenschifffahrts- als auch f\u00fcr die Hochseekarten. Tresco erstellt diese Karten intern und st\u00fctzt sich auf Daten der zust\u00e4ndigen Beh\u00f6rden.<\/p>\n<p>&nbsp;<\/p>\n<p>Aktualisierungen<br \/>\nEin Team von Tresco-Programmierern und Kartographen aktualisiert st\u00e4ndig die Navigationskarten und die Software. \u00c4nderungen der Betonnung, neue Br\u00fccken oder D\u00e4mme, Verlegung von Kan\u00e4len, andere UKW-Kan\u00e4le: alles wird sofort angepasst. Mit einem Wartungsabonnement erhalten Sie j\u00e4hrlich drei Update-CDs und kostenlosen Support per Telefon, Fax oder E-Mail.[\/vc_column_text][vc_empty_space height=&#8220;15&#8243;][vc_column_text]Speichern Sie die Datei auf einem USB-Stick und f\u00fchren Sie das Programm auf dem PC mit Tresco Navigis aus.[\/vc_column_text]<style type=\"text\/css\" data-type=\"the7_shortcodes-inline-css\">#default-btn-8837479a57226ce884b810f5a5e7bcd1.ico-right-side > i {\n  margin-right: 0px;\n  margin-left: 8px;\n}\n#default-btn-8837479a57226ce884b810f5a5e7bcd1 > i {\n  margin-right: 8px;\n}<\/style><div class=\"btn-align-left\"><a href=\"https:\/\/download.tresco.eu\/TrescoChartUpdate.exe\" class=\"default-btn-shortcode dt-btn dt-btn-l link-hover-off anchor-link  vc_custom_1627476964135\" id=\"default-btn-8837479a57226ce884b810f5a5e7bcd1\"><span>die neuesten Karten-Updates herunterladen<\/span><\/a><\/div>[\/vc_column_inner][\/vc_row_inner][\/vc_column][\/vc_row][vc_row full_width=&#8220;stretch_row&#8220; css=&#8220;.vc_custom_1582631752483{padding-top: 80px !important;padding-bottom: 70px !important;}&#8220; el_id=&#8220;zeekaarten&#8220;][vc_column]<div id=\"ultimate-heading-334369da38f1847a6\" class=\"uvc-heading ult-adjust-bottom-margin ultimate-heading-334369da38f1847a6 uvc-2229 accent-border-color accent-icon-color\" data-hspacer=\"line_with_icon\" data-hline_width=\"150\" data-hicon_type=\"selector\" data-hborder_style=\"solid\" data-hborder_height=\"3\" data-hborder_color=\"#ac0b20\" data-icon_width=\"18\" data-hfixer=\"10\"  data-halign=\"center\" style=\"text-align:center\"><div class=\"uvc-main-heading ult-responsive\"  data-ultimate-target='.uvc-heading.ultimate-heading-334369da38f1847a6 h2'  data-responsive-json-new='{\"font-size\":\"desktop:40px;mobile_landscape:30px;\",\"line-height\":\"desktop:50px;mobile_landscape:40px;\"}' ><h2 style=\"font-weight:bold;color:#124986;\">Seekarten<\/h2><\/div><div class=\"uvc-heading-spacer line_with_icon\" style=\"margin-bottom:30px;height:18px;\"><div class=\"ult-just-icon-wrapper  \"><div class=\"align-icon\" style=\"text-align:center;\">\n<div class=\"aio-icon none \"  style=\"font-size:18px;display:inline-block;\">\n\t<i class=\"icomoon-font-awesome-14x14-chevron-down\"><\/i>\n<\/div><\/div><\/div><\/div><\/div>[vc_row_inner][vc_column_inner width=&#8220;1\/3&#8243;][vc_single_image image=&#8220;1931&#8243; img_size=&#8220;200&#215;133&#8243; alignment=&#8220;center&#8220;][vc_empty_space height=&#8220;15&#8243;][vc_column_text]Primar-stavanger ist f\u00fcr die folgenden L\u00e4nder zust\u00e4ndig: D\u00e4nemark, Estland, Finnland, Frankreich, Norwegen, Polen, Russland und Schweden.[\/vc_column_text][\/vc_column_inner][vc_column_inner width=&#8220;1\/3&#8243;][vc_single_image image=&#8220;1932&#8243; img_size=&#8220;200&#215;133&#8243; alignment=&#8220;center&#8220;][vc_empty_space height=&#8220;15&#8243;][vc_column_text]IC-ENC ist verantwortlich f\u00fcr die S-57 Seekartendaten der folgenden L\u00e4nder: Belgien, Deutschland, Niederlande, Portugal, Spanien und Vereinigtes K\u00f6nigreich.[\/vc_column_text][\/vc_column_inner][vc_column_inner width=&#8220;1\/3&#8243;][vc_single_image image=&#8220;1930&#8243; img_size=&#8220;200&#215;133&#8243; alignment=&#8220;center&#8220;][vc_empty_space height=&#8220;15&#8243;][vc_column_text]Amtliche digitale Seekarten des Britischen Hydrographischen Dienstes (UKHO).<br \/>\nARCS-Karten sind exakte digitale Kopien der bekannten Papier-Admiralit\u00e4tskarten. Sie werden in zwei verschiedenen Aufl\u00f6sungen gescannt und auf CD-Rom gespeichert.[\/vc_column_text][\/vc_column_inner][\/vc_row_inner][vc_empty_space height=&#8220;80&#8243;][vc_row_inner][vc_column_inner width=&#8220;1\/2&#8243;][vc_column_text]<strong>F\u00fchrende Partner<\/strong>[\/vc_column_text][vc_empty_space][vc_column_text]F\u00fcr die nautischen Karten verlassen wir uns auf diese f\u00fchrenden Partner. Die Coaster- und ECDIS-Pakete von Tresco sind anerkannte Kontrollsysteme, die diese Karten visualisieren k\u00f6nnen.<\/p>\n<p>Jedes Pixel hat eine geografische Referenz, die es erm\u00f6glicht, die Position des Schiffes sehr genau zu bestimmen. F\u00fcr viele Gebiete, in denen derzeit keine ENC-Karten verf\u00fcgbar sind, bieten die ARCS-Karten eine sehr gute Alternative.[\/vc_column_text][\/vc_column_inner][vc_column_inner width=&#8220;1\/2&#8243;][vc_column_text]<strong>Weitere Vorteile<\/strong>[\/vc_column_text][vc_empty_space]<div class=\"standard-arrow list-divider bullet-top\"><ul>\n<li>Die Karten werden von einem offiziellen Dienst herausgegeben<\/li>\n<li>Die Karten in einer Navigator-Lizenz werden w\u00f6chentlich aktualisiert<\/li>\n<li>Mehr als 2700 Karten sind weltweit verf\u00fcgbar<\/li>\n<li>Zus\u00e4tzliche Karten k\u00f6nnen per E-Mail an Bord geschickt werden<\/li>\n<li>Originalgetreue Kopie der Papierkarte<\/li>\n<\/ul>\n<\/div>[\/vc_column_inner][\/vc_row_inner][\/vc_column][\/vc_row]<\/p>\n<\/div>","protected":false},"excerpt":{"rendered":"<p>[vc_row css=&#8220;.vc_custom_1582625869983{padding-top: 80px !important;}&#8220;][vc_column][vc_column_text] Eigene Karten oder offizielle Karten von anerkannten Partnern, Sie k\u00f6nnen sich immer auf die ausf\u00fchrlichsten und aktuellsten Informationen verlassen[\/vc_column_text][\/vc_column][\/vc_row][vc_row css=&#8220;.vc_custom_1582625881534{padding-top: 50px !important;padding-bottom: 50px !important;}&#8220;][vc_column width=&#8220;1\/3&#8243;][vc_single_image image=&#8220;1951&#8243; img_size=&#8220;70&#215;70&#8243; alignment=&#8220;center&#8220;][vc_column_text] F\u00fcr die nautischen Karten nutzen wir f\u00fchrende Partner: Primar, IC-ENC und ARCS. [\/vc_column_text][vc_empty_space height=&#8220;60&#8243;][\/vc_column][vc_column width=&#8220;1\/3&#8243;][vc_single_image image=&#8220;1950&#8243; img_size=&#8220;70&#215;70&#8243; alignment=&#8220;center&#8220;][vc_column_text] Benutzerfreundlich, intelligent und \u00fcbersichtlich. [\/vc_column_text][vc_empty_space&hellip;<\/p>\n","protected":false},"author":4,"featured_media":0,"parent":0,"menu_order":0,"comment_status":"closed","ping_status":"closed","template":"","meta":{"footnotes":""},"class_list":["post-2934","page","type-page","status-publish","hentry","description-off"],"yoast_head":"<!-- This site is optimized with the Yoast SEO plugin v27.3 - https:\/\/yoast.com\/product\/yoast-seo-wordpress\/ -->\n<title>Karten - Tresco<\/title>\n<meta name=\"description\" content=\"Aktuelle Seekarten und Inland-ECDIS-Karten gem\u00e4\u00df S-57- und S-52-Standard. Eigengefertigte ECDIS-Karten.\" \/>\n<meta name=\"robots\" content=\"index, follow, max-snippet:-1, max-image-preview:large, max-video-preview:-1\" \/>\n<link rel=\"canonical\" href=\"https:\/\/www.tresco.eu\/de\/karten\/\" \/>\n<meta property=\"og:locale\" content=\"de_DE\" \/>\n<meta property=\"og:type\" content=\"article\" \/>\n<meta property=\"og:title\" content=\"Karten - Tresco\" \/>\n<meta property=\"og:description\" content=\"Aktuelle Seekarten und Inland-ECDIS-Karten gem\u00e4\u00df S-57- und S-52-Standard. Eigengefertigte ECDIS-Karten.\" \/>\n<meta property=\"og:url\" content=\"https:\/\/www.tresco.eu\/de\/karten\/\" \/>\n<meta property=\"og:site_name\" content=\"Tresco\" \/>\n<meta property=\"article:modified_time\" content=\"2024-03-21T14:20:57+00:00\" \/>\n<meta name=\"twitter:card\" content=\"summary_large_image\" \/>\n<meta name=\"twitter:label1\" content=\"Gesch\u00e4tzte Lesezeit\" \/>\n\t<meta name=\"twitter:data1\" content=\"4\u00a0Minuten\" \/>\n<script type=\"application\/ld+json\" class=\"yoast-schema-graph\">{\"@context\":\"https:\\\/\\\/schema.org\",\"@graph\":[{\"@type\":\"WebPage\",\"@id\":\"https:\\\/\\\/www.tresco.eu\\\/de\\\/karten\\\/\",\"url\":\"https:\\\/\\\/www.tresco.eu\\\/de\\\/karten\\\/\",\"name\":\"Karten - Tresco\",\"isPartOf\":{\"@id\":\"https:\\\/\\\/www.tresco.eu\\\/#website\"},\"datePublished\":\"2021-07-28T12:53:21+00:00\",\"dateModified\":\"2024-03-21T14:20:57+00:00\",\"description\":\"Aktuelle Seekarten und Inland-ECDIS-Karten gem\u00e4\u00df S-57- und S-52-Standard. Eigengefertigte ECDIS-Karten.\",\"breadcrumb\":{\"@id\":\"https:\\\/\\\/www.tresco.eu\\\/de\\\/karten\\\/#breadcrumb\"},\"inLanguage\":\"de\",\"potentialAction\":[{\"@type\":\"ReadAction\",\"target\":[\"https:\\\/\\\/www.tresco.eu\\\/de\\\/karten\\\/\"]}]},{\"@type\":\"BreadcrumbList\",\"@id\":\"https:\\\/\\\/www.tresco.eu\\\/de\\\/karten\\\/#breadcrumb\",\"itemListElement\":[{\"@type\":\"ListItem\",\"position\":1,\"name\":\"Home\",\"item\":\"https:\\\/\\\/www.tresco.eu\\\/de\\\/\"},{\"@type\":\"ListItem\",\"position\":2,\"name\":\"Karten\"}]},{\"@type\":\"WebSite\",\"@id\":\"https:\\\/\\\/www.tresco.eu\\\/#website\",\"url\":\"https:\\\/\\\/www.tresco.eu\\\/\",\"name\":\"Tresco\",\"description\":\"The Inland Navigation Solution\",\"potentialAction\":[{\"@type\":\"SearchAction\",\"target\":{\"@type\":\"EntryPoint\",\"urlTemplate\":\"https:\\\/\\\/www.tresco.eu\\\/?s={search_term_string}\"},\"query-input\":{\"@type\":\"PropertyValueSpecification\",\"valueRequired\":true,\"valueName\":\"search_term_string\"}}],\"inLanguage\":\"de\"}]}<\/script>\n<!-- \/ Yoast SEO plugin. -->","yoast_head_json":{"title":"Karten - Tresco","description":"Aktuelle Seekarten und Inland-ECDIS-Karten gem\u00e4\u00df S-57- und S-52-Standard. Eigengefertigte ECDIS-Karten.","robots":{"index":"index","follow":"follow","max-snippet":"max-snippet:-1","max-image-preview":"max-image-preview:large","max-video-preview":"max-video-preview:-1"},"canonical":"https:\/\/www.tresco.eu\/de\/karten\/","og_locale":"de_DE","og_type":"article","og_title":"Karten - Tresco","og_description":"Aktuelle Seekarten und Inland-ECDIS-Karten gem\u00e4\u00df S-57- und S-52-Standard. Eigengefertigte ECDIS-Karten.","og_url":"https:\/\/www.tresco.eu\/de\/karten\/","og_site_name":"Tresco","article_modified_time":"2024-03-21T14:20:57+00:00","twitter_card":"summary_large_image","twitter_misc":{"Gesch\u00e4tzte Lesezeit":"4\u00a0Minuten"},"schema":{"@context":"https:\/\/schema.org","@graph":[{"@type":"WebPage","@id":"https:\/\/www.tresco.eu\/de\/karten\/","url":"https:\/\/www.tresco.eu\/de\/karten\/","name":"Karten - Tresco","isPartOf":{"@id":"https:\/\/www.tresco.eu\/#website"},"datePublished":"2021-07-28T12:53:21+00:00","dateModified":"2024-03-21T14:20:57+00:00","description":"Aktuelle Seekarten und Inland-ECDIS-Karten gem\u00e4\u00df S-57- und S-52-Standard. Eigengefertigte ECDIS-Karten.","breadcrumb":{"@id":"https:\/\/www.tresco.eu\/de\/karten\/#breadcrumb"},"inLanguage":"de","potentialAction":[{"@type":"ReadAction","target":["https:\/\/www.tresco.eu\/de\/karten\/"]}]},{"@type":"BreadcrumbList","@id":"https:\/\/www.tresco.eu\/de\/karten\/#breadcrumb","itemListElement":[{"@type":"ListItem","position":1,"name":"Home","item":"https:\/\/www.tresco.eu\/de\/"},{"@type":"ListItem","position":2,"name":"Karten"}]},{"@type":"WebSite","@id":"https:\/\/www.tresco.eu\/#website","url":"https:\/\/www.tresco.eu\/","name":"Tresco","description":"The Inland Navigation Solution","potentialAction":[{"@type":"SearchAction","target":{"@type":"EntryPoint","urlTemplate":"https:\/\/www.tresco.eu\/?s={search_term_string}"},"query-input":{"@type":"PropertyValueSpecification","valueRequired":true,"valueName":"search_term_string"}}],"inLanguage":"de"}]}},"_links":{"self":[{"href":"https:\/\/www.tresco.eu\/de\/wp-json\/wp\/v2\/pages\/2934","targetHints":{"allow":["GET"]}}],"collection":[{"href":"https:\/\/www.tresco.eu\/de\/wp-json\/wp\/v2\/pages"}],"about":[{"href":"https:\/\/www.tresco.eu\/de\/wp-json\/wp\/v2\/types\/page"}],"author":[{"embeddable":true,"href":"https:\/\/www.tresco.eu\/de\/wp-json\/wp\/v2\/users\/4"}],"replies":[{"embeddable":true,"href":"https:\/\/www.tresco.eu\/de\/wp-json\/wp\/v2\/comments?post=2934"}],"version-history":[{"count":8,"href":"https:\/\/www.tresco.eu\/de\/wp-json\/wp\/v2\/pages\/2934\/revisions"}],"predecessor-version":[{"id":3749,"href":"https:\/\/www.tresco.eu\/de\/wp-json\/wp\/v2\/pages\/2934\/revisions\/3749"}],"wp:attachment":[{"href":"https:\/\/www.tresco.eu\/de\/wp-json\/wp\/v2\/media?parent=2934"}],"curies":[{"name":"wp","href":"https:\/\/api.w.org\/{rel}","templated":true}]}}