{"id":4034,"date":"2025-04-10T10:42:54","date_gmt":"2025-04-10T08:42:54","guid":{"rendered":"https:\/\/www.tresco.eu\/?page_id=4034"},"modified":"2025-04-10T10:42:55","modified_gmt":"2025-04-10T08:42:55","slug":"trackpilot-autonomes-fahren-in-der-binnenschifffahrt","status":"publish","type":"page","link":"https:\/\/www.tresco.eu\/de\/trackpilot-autonomes-fahren-in-der-binnenschifffahrt\/","title":{"rendered":"TrackPilot &#8211; Autonomes Fahren in der Binnenschifffahrt"},"content":{"rendered":"<div class=\"wpb-content-wrapper\"><p>[vc_row css=&#8220;.vc_custom_1741795446970{margin-top: 80px !important;}&#8220;][vc_column]<div id=\"ultimate-heading-736569f59793db524\" class=\"uvc-heading ult-adjust-bottom-margin ultimate-heading-736569f59793db524 uvc-8085 accent-border-color accent-icon-color\" data-hspacer=\"line_with_icon\" data-hline_width=\"150\" data-hicon_type=\"selector\" data-hborder_style=\"solid\" data-hborder_height=\"3\" data-hborder_color=\"#ac0b20\" data-icon_width=\"18\" data-hfixer=\"10\"  data-halign=\"center\" style=\"text-align:center\"><div class=\"uvc-main-heading ult-responsive\"  data-ultimate-target='.uvc-heading.ultimate-heading-736569f59793db524 h2'  data-responsive-json-new='{\"font-size\":\"desktop:40px;mobile_landscape:30px;\",\"line-height\":\"desktop:50px;mobile_landscape:40px;\"}' ><h2 style=\"font-weight:bold;color:#124986;\">Blog<\/h2><\/div><div class=\"uvc-heading-spacer line_with_icon\" style=\"margin-bottom:10px;height:18px;\"><div class=\"ult-just-icon-wrapper  \"><div class=\"align-icon\" style=\"text-align:center;\">\n<div class=\"aio-icon none \"  style=\"font-size:18px;display:inline-block;\">\n\t<i class=\"icomoon-font-awesome-14x14-chevron-down\"><\/i>\n<\/div><\/div><\/div><\/div><div class=\"uvc-sub-heading ult-responsive\"  data-ultimate-target='.uvc-heading.ultimate-heading-736569f59793db524 .uvc-sub-heading '  data-responsive-json-new='{\"font-size\":\"desktop:28px;\",\"line-height\":\"desktop:34px;\"}'  style=\"font-weight:bold;color:#124986;margin-bottom:60px;\">&#8222;Interessante Nachrichtenmeldungen und Aktualisierungen f\u00fcr die Binnenschifffahrt&#8220;<\/div><\/div>[vc_basic_grid post_type=&#8220;post&#8220; max_items=&#8220;-1&#8243; element_width=&#8220;3&#8243; gap=&#8220;35&#8243; css=&#8220;.vc_custom_1742484788964{background-color: #FFFFFF00 !important;border-radius: 10px !important;}&#8220; grid_id=&#8220;vc_gid:1744274501825-ed0d90a2-7be8-4&#8243; el_class=&#8220;tr-postgrid tr-postgrid-blue&#8220;][\/vc_column][\/vc_row][vc_row][vc_column width=&#8220;1\/12&#8243;][\/vc_column][vc_column width=&#8220;5\/6&#8243; css=&#8220;.vc_custom_1741263991262{margin-top: 10vh !important;margin-bottom: 10vh !important;padding-bottom: 5vh !important;padding-left: 5vw !important;background-color: #E2F3FC !important;border-radius: 10px !important;}&#8220;][vc_column_text]<\/p>\n<div id=\"ConnectiveDocSignExtentionInstalled\" data-extension-version=\"1.0.4\"><\/div>\n<p>[\/vc_column_text][vc_row_inner][vc_column_inner offset=&#8220;vc_hidden-lg vc_hidden-md vc_col-xs-12&#8243;][vc_single_image image=&#8220;3901&#8243; img_size=&#8220;medium&#8220; alignment=&#8220;center&#8220; css=&#8220;&#8220;][\/vc_column_inner][vc_column_inner offset=&#8220;vc_col-lg-8 vc_col-md-8&#8243;]<div id=\"ultimate-heading-608169f59793db5ad\" class=\"uvc-heading ult-adjust-bottom-margin ultimate-heading-608169f59793db5ad uvc-3398 accent-border-color accent-icon-color\" data-hspacer=\"line_with_icon\" data-hline_width=\"150\" data-hicon_type=\"selector\" data-hborder_style=\"solid\" data-hborder_height=\"3\" data-hborder_color=\"#ac0b20\" data-icon_width=\"18\" data-hfixer=\"10\"  data-halign=\"left\" style=\"text-align:left\"><div class=\"uvc-main-heading ult-responsive\"  data-ultimate-target='.uvc-heading.ultimate-heading-608169f59793db5ad h2'  data-responsive-json-new='{\"font-size\":\"desktop:40px;mobile_landscape:30px;\",\"line-height\":\"desktop:50px;mobile_landscape:40px;\"}' ><h2 style=\"font-weight:bold;color:#124986;\">Autonomes Fahren in der Binnenschifffahrt<\/h2><\/div><div class=\"uvc-heading-spacer line_with_icon\" style=\"margin-bottom:30px;height:18px;\"><div class=\"ult-just-icon-wrapper  \"><div class=\"align-icon\" style=\"text-align:left;\">\n<div class=\"aio-icon none \"  style=\"font-size:18px;\">\n\t<i class=\"icomoon-font-awesome-14x14-chevron-down\"><\/i>\n<\/div><\/div><\/div><\/div><\/div>[vc_column_text css=&#8220;&#8220; el_class=&#8220;tresco-blue&#8220;]Die Zukunft ist in vollem Gange! M\u00f6chten Sie wissen, wie diese Entwicklung in der Binnenschifffahrt verl\u00e4uft, welche Auswirkungen sie f\u00fcr Sie hat und wie wir Ihnen helfen k\u00f6nnen?<\/p>\n<p><strong>Lesen Sie jetzt unser neuestes Update:<\/strong><\/p>\n<p>[\/vc_column_text]<style type=\"text\/css\">#dt-btn-1 {background: #45b2ec;}#dt-btn-1:hover {background: #124986;}<\/style><a href=\"#\" class=\"btn-shortcode dt-btn-l dt-btn default-btn-color default-btn-hover-color anchor-link popmake-3897\" id=\"dt-btn-1\"><span>Whitepaper herunterladen<\/span><\/a>[\/vc_column_inner][vc_column_inner width=&#8220;1\/3&#8243; offset=&#8220;vc_hidden-sm vc_hidden-xs&#8220;][vc_raw_html css=&#8220;&#8220;]PGltZyBsb2FkaW5nPSJsYXp5IiBkZWNvZGluZz0iYXN5bmMiIHNyYz0iaHR0cHM6Ly93d3cudHJlc2NvLmV1L3dwLWNvbnRlbnQvdXBsb2Fkcy8yMDI1LzAzL3doaXRlcGFwZXJfMS5wbmciIGFsdD0iRGUgd2hpdGVwYXBlciBvdmVyIGF1dG9ub29tIHZhcmVuIGluIGRlIGJpbm5lbnZhYXJ0IiB0aXRsZT0id2hpdGVwYXBlcl8xIiBjbGFzcz0id2hpdGVwYXBlci1ib29rLWNvdmVyIj4=[\/vc_raw_html][\/vc_column_inner][\/vc_row_inner][\/vc_column][vc_column width=&#8220;1\/12&#8243;][\/vc_column][\/vc_row]<\/p>\n<\/div>","protected":false},"excerpt":{"rendered":"<p>[vc_row css=&#8220;.vc_custom_1741795446970{margin-top: 80px !important;}&#8220;][vc_column][vc_basic_grid post_type=&#8220;post&#8220; max_items=&#8220;-1&#8243; element_width=&#8220;3&#8243; gap=&#8220;35&#8243; css=&#8220;.vc_custom_1742484788964{background-color: #FFFFFF00 !important;border-radius: 10px !important;}&#8220; grid_id=&#8220;vc_gid:1744274501825-ed0d90a2-7be8-4&#8243; el_class=&#8220;tr-postgrid tr-postgrid-blue&#8220;][\/vc_column][\/vc_row][vc_row][vc_column width=&#8220;1\/12&#8243;][\/vc_column][vc_column width=&#8220;5\/6&#8243; css=&#8220;.vc_custom_1741263991262{margin-top: 10vh !important;margin-bottom: 10vh !important;padding-bottom: 5vh !important;padding-left: 5vw !important;background-color: #E2F3FC !important;border-radius: 10px !important;}&#8220;][vc_column_text] [\/vc_column_text][vc_row_inner][vc_column_inner offset=&#8220;vc_hidden-lg vc_hidden-md vc_col-xs-12&#8243;][vc_single_image image=&#8220;3901&#8243; img_size=&#8220;medium&#8220; alignment=&#8220;center&#8220; css=&#8220;&#8220;][\/vc_column_inner][vc_column_inner offset=&#8220;vc_col-lg-8 vc_col-md-8&#8243;][vc_column_text css=&#8220;&#8220; el_class=&#8220;tresco-blue&#8220;]Die Zukunft ist in vollem Gange! M\u00f6chten Sie wissen, wie diese Entwicklung in&hellip;<\/p>\n","protected":false},"author":13,"featured_media":0,"parent":0,"menu_order":0,"comment_status":"closed","ping_status":"closed","template":"","meta":{"footnotes":""},"class_list":["post-4034","page","type-page","status-publish","hentry","description-off"],"yoast_head":"<!-- This site is optimized with the Yoast SEO plugin v27.3 - https:\/\/yoast.com\/product\/yoast-seo-wordpress\/ -->\n<title>TrackPilot - Autonomes Fahren in der Binnenschifffahrt - Tresco<\/title>\n<meta name=\"description\" content=\"Entdecken Sie die Vorteile von TrackPilot, der automatisierten Software f\u00fcr autonomes Segeln in der Binnenschifffahrt. Bereits \u00fcber 730 Skipper profitieren von diesem Komfort.\" \/>\n<meta name=\"robots\" content=\"index, follow, max-snippet:-1, max-image-preview:large, max-video-preview:-1\" \/>\n<link rel=\"canonical\" href=\"https:\/\/www.tresco.eu\/de\/trackpilot-autonomes-fahren-in-der-binnenschifffahrt\/\" \/>\n<meta property=\"og:locale\" content=\"de_DE\" \/>\n<meta property=\"og:type\" content=\"article\" \/>\n<meta property=\"og:title\" content=\"TrackPilot - Autonomes Fahren in der Binnenschifffahrt - Tresco\" \/>\n<meta property=\"og:description\" content=\"Entdecken Sie die Vorteile von TrackPilot, der automatisierten Software f\u00fcr autonomes Segeln in der Binnenschifffahrt. Bereits \u00fcber 730 Skipper profitieren von diesem Komfort.\" \/>\n<meta property=\"og:url\" content=\"https:\/\/www.tresco.eu\/de\/trackpilot-autonomes-fahren-in-der-binnenschifffahrt\/\" \/>\n<meta property=\"og:site_name\" content=\"Tresco\" \/>\n<meta property=\"article:modified_time\" content=\"2025-04-10T08:42:55+00:00\" \/>\n<meta name=\"twitter:card\" content=\"summary_large_image\" \/>\n<meta name=\"twitter:label1\" content=\"Gesch\u00e4tzte Lesezeit\" \/>\n\t<meta name=\"twitter:data1\" content=\"1\u00a0Minute\" \/>\n<script type=\"application\/ld+json\" class=\"yoast-schema-graph\">{\"@context\":\"https:\\\/\\\/schema.org\",\"@graph\":[{\"@type\":\"WebPage\",\"@id\":\"https:\\\/\\\/www.tresco.eu\\\/de\\\/trackpilot-autonomes-fahren-in-der-binnenschifffahrt\\\/\",\"url\":\"https:\\\/\\\/www.tresco.eu\\\/de\\\/trackpilot-autonomes-fahren-in-der-binnenschifffahrt\\\/\",\"name\":\"TrackPilot - Autonomes Fahren in der Binnenschifffahrt - Tresco\",\"isPartOf\":{\"@id\":\"https:\\\/\\\/www.tresco.eu\\\/#website\"},\"datePublished\":\"2025-04-10T08:42:54+00:00\",\"dateModified\":\"2025-04-10T08:42:55+00:00\",\"description\":\"Entdecken Sie die Vorteile von TrackPilot, der automatisierten Software f\u00fcr autonomes Segeln in der Binnenschifffahrt. Bereits \u00fcber 730 Skipper profitieren von diesem Komfort.\",\"breadcrumb\":{\"@id\":\"https:\\\/\\\/www.tresco.eu\\\/de\\\/trackpilot-autonomes-fahren-in-der-binnenschifffahrt\\\/#breadcrumb\"},\"inLanguage\":\"de\",\"potentialAction\":[{\"@type\":\"ReadAction\",\"target\":[\"https:\\\/\\\/www.tresco.eu\\\/de\\\/trackpilot-autonomes-fahren-in-der-binnenschifffahrt\\\/\"]}]},{\"@type\":\"BreadcrumbList\",\"@id\":\"https:\\\/\\\/www.tresco.eu\\\/de\\\/trackpilot-autonomes-fahren-in-der-binnenschifffahrt\\\/#breadcrumb\",\"itemListElement\":[{\"@type\":\"ListItem\",\"position\":1,\"name\":\"Home\",\"item\":\"https:\\\/\\\/www.tresco.eu\\\/de\\\/\"},{\"@type\":\"ListItem\",\"position\":2,\"name\":\"TrackPilot &#8211; Autonomes Fahren in der Binnenschifffahrt\"}]},{\"@type\":\"WebSite\",\"@id\":\"https:\\\/\\\/www.tresco.eu\\\/#website\",\"url\":\"https:\\\/\\\/www.tresco.eu\\\/\",\"name\":\"Tresco\",\"description\":\"The Inland Navigation Solution\",\"potentialAction\":[{\"@type\":\"SearchAction\",\"target\":{\"@type\":\"EntryPoint\",\"urlTemplate\":\"https:\\\/\\\/www.tresco.eu\\\/?s={search_term_string}\"},\"query-input\":{\"@type\":\"PropertyValueSpecification\",\"valueRequired\":true,\"valueName\":\"search_term_string\"}}],\"inLanguage\":\"de\"}]}<\/script>\n<!-- \/ Yoast SEO plugin. -->","yoast_head_json":{"title":"TrackPilot - Autonomes Fahren in der Binnenschifffahrt - Tresco","description":"Entdecken Sie die Vorteile von TrackPilot, der automatisierten Software f\u00fcr autonomes Segeln in der Binnenschifffahrt. Bereits \u00fcber 730 Skipper profitieren von diesem Komfort.","robots":{"index":"index","follow":"follow","max-snippet":"max-snippet:-1","max-image-preview":"max-image-preview:large","max-video-preview":"max-video-preview:-1"},"canonical":"https:\/\/www.tresco.eu\/de\/trackpilot-autonomes-fahren-in-der-binnenschifffahrt\/","og_locale":"de_DE","og_type":"article","og_title":"TrackPilot - Autonomes Fahren in der Binnenschifffahrt - Tresco","og_description":"Entdecken Sie die Vorteile von TrackPilot, der automatisierten Software f\u00fcr autonomes Segeln in der Binnenschifffahrt. Bereits \u00fcber 730 Skipper profitieren von diesem Komfort.","og_url":"https:\/\/www.tresco.eu\/de\/trackpilot-autonomes-fahren-in-der-binnenschifffahrt\/","og_site_name":"Tresco","article_modified_time":"2025-04-10T08:42:55+00:00","twitter_card":"summary_large_image","twitter_misc":{"Gesch\u00e4tzte Lesezeit":"1\u00a0Minute"},"schema":{"@context":"https:\/\/schema.org","@graph":[{"@type":"WebPage","@id":"https:\/\/www.tresco.eu\/de\/trackpilot-autonomes-fahren-in-der-binnenschifffahrt\/","url":"https:\/\/www.tresco.eu\/de\/trackpilot-autonomes-fahren-in-der-binnenschifffahrt\/","name":"TrackPilot - Autonomes Fahren in der Binnenschifffahrt - Tresco","isPartOf":{"@id":"https:\/\/www.tresco.eu\/#website"},"datePublished":"2025-04-10T08:42:54+00:00","dateModified":"2025-04-10T08:42:55+00:00","description":"Entdecken Sie die Vorteile von TrackPilot, der automatisierten Software f\u00fcr autonomes Segeln in der Binnenschifffahrt. Bereits \u00fcber 730 Skipper profitieren von diesem Komfort.","breadcrumb":{"@id":"https:\/\/www.tresco.eu\/de\/trackpilot-autonomes-fahren-in-der-binnenschifffahrt\/#breadcrumb"},"inLanguage":"de","potentialAction":[{"@type":"ReadAction","target":["https:\/\/www.tresco.eu\/de\/trackpilot-autonomes-fahren-in-der-binnenschifffahrt\/"]}]},{"@type":"BreadcrumbList","@id":"https:\/\/www.tresco.eu\/de\/trackpilot-autonomes-fahren-in-der-binnenschifffahrt\/#breadcrumb","itemListElement":[{"@type":"ListItem","position":1,"name":"Home","item":"https:\/\/www.tresco.eu\/de\/"},{"@type":"ListItem","position":2,"name":"TrackPilot &#8211; Autonomes Fahren in der Binnenschifffahrt"}]},{"@type":"WebSite","@id":"https:\/\/www.tresco.eu\/#website","url":"https:\/\/www.tresco.eu\/","name":"Tresco","description":"The Inland Navigation Solution","potentialAction":[{"@type":"SearchAction","target":{"@type":"EntryPoint","urlTemplate":"https:\/\/www.tresco.eu\/?s={search_term_string}"},"query-input":{"@type":"PropertyValueSpecification","valueRequired":true,"valueName":"search_term_string"}}],"inLanguage":"de"}]}},"_links":{"self":[{"href":"https:\/\/www.tresco.eu\/de\/wp-json\/wp\/v2\/pages\/4034","targetHints":{"allow":["GET"]}}],"collection":[{"href":"https:\/\/www.tresco.eu\/de\/wp-json\/wp\/v2\/pages"}],"about":[{"href":"https:\/\/www.tresco.eu\/de\/wp-json\/wp\/v2\/types\/page"}],"author":[{"embeddable":true,"href":"https:\/\/www.tresco.eu\/de\/wp-json\/wp\/v2\/users\/13"}],"replies":[{"embeddable":true,"href":"https:\/\/www.tresco.eu\/de\/wp-json\/wp\/v2\/comments?post=4034"}],"version-history":[{"count":7,"href":"https:\/\/www.tresco.eu\/de\/wp-json\/wp\/v2\/pages\/4034\/revisions"}],"predecessor-version":[{"id":4161,"href":"https:\/\/www.tresco.eu\/de\/wp-json\/wp\/v2\/pages\/4034\/revisions\/4161"}],"wp:attachment":[{"href":"https:\/\/www.tresco.eu\/de\/wp-json\/wp\/v2\/media?parent=4034"}],"curies":[{"name":"wp","href":"https:\/\/api.w.org\/{rel}","templated":true}]}}